{"id":15,"date":"2025-10-29T16:06:20","date_gmt":"2025-10-29T16:06:20","guid":{"rendered":"https:\/\/www.smartvertiport.nl\/?page_id=15"},"modified":"2025-11-11T21:47:00","modified_gmt":"2025-11-11T21:47:00","slug":"contact","status":"publish","type":"page","link":"https:\/\/www.smartvertiport.nl\/index.php\/contact\/","title":{"rendered":"Contact"},"content":{"rendered":"\n<div class=\"wp-block-columns is-layout-flex wp-container-core-columns-is-layout-e0e4babd wp-block-columns-is-layout-flex\" style=\"padding-right:0;padding-left:0\">\n<div class=\"wp-block-column is-layout-flow wp-block-column-is-layout-flow\"><div class=\"wp-block-image\">\n<figure class=\"aligncenter size-full\"><img loading=\"lazy\" decoding=\"async\" width=\"370\" height=\"150\" src=\"https:\/\/www.smartvertiport.nl\/wp-content\/uploads\/2025\/10\/TUDelft.png\" alt=\"\" class=\"wp-image-54\" srcset=\"https:\/\/www.smartvertiport.nl\/wp-content\/uploads\/2025\/10\/TUDelft.png 370w, https:\/\/www.smartvertiport.nl\/wp-content\/uploads\/2025\/10\/TUDelft-300x122.png 300w\" sizes=\"auto, (max-width: 370px) 100vw, 370px\" \/><\/figure>\n<\/div><\/div>\n\n\n\n<div class=\"wp-block-column is-layout-flow wp-block-column-is-layout-flow\"><div class=\"wp-block-image\">\n<figure class=\"aligncenter size-full is-resized\"><img loading=\"lazy\" decoding=\"async\" width=\"693\" height=\"390\" src=\"https:\/\/www.smartvertiport.nl\/wp-content\/uploads\/2025\/10\/Logo-Orga-RGB-edited.jpg\" alt=\"\" class=\"wp-image-60\" style=\"width:322px;height:auto\" srcset=\"https:\/\/www.smartvertiport.nl\/wp-content\/uploads\/2025\/10\/Logo-Orga-RGB-edited.jpg 693w, https:\/\/www.smartvertiport.nl\/wp-content\/uploads\/2025\/10\/Logo-Orga-RGB-edited-300x169.jpg 300w\" sizes=\"auto, (max-width: 693px) 100vw, 693px\" \/><\/figure>\n<\/div><\/div>\n<\/div>\n\n\n\n<div class=\"wp-block-columns is-layout-flex wp-container-core-columns-is-layout-a6b28ac7 wp-block-columns-is-layout-flex\" style=\"border-style:none;border-width:0px;border-radius:0px;padding-right:var(--wp--preset--spacing--80);padding-left:var(--wp--preset--spacing--80)\">\n<div class=\"wp-block-column is-layout-flow wp-block-column-is-layout-flow\">\n<p class=\"has-text-align-center\"><strong>Delft University of Technology<\/strong><br>Kluyverweg 1<br>2629HS Delft<br>the Netherlands<br><a href=\"https:\/\/www.tudelft.nl\/\">https:\/\/www.tudelft.nl\/<\/a><\/p>\n<\/div>\n\n\n\n<div class=\"wp-block-column is-layout-flow wp-block-column-is-layout-flow\">\n<p class=\"has-text-align-center\"><strong>Orga BV<\/strong><br>Strickledeweg 13<br>3125AT&nbsp;Schiedam<br>The Netherlands<br><a href=\"https:\/\/orga.nl\/\">https:\/\/orga.nl\/<\/a><\/p>\n<\/div>\n<\/div>\n\n\n\n<div class=\"wp-block-columns is-layout-flex wp-container-core-columns-is-layout-28f84493 wp-block-columns-is-layout-flex\">\n<div class=\"wp-block-column is-layout-flow wp-block-column-is-layout-flow\"><div class=\"wp-block-image\">\n<figure class=\"aligncenter size-full is-resized\"><img loading=\"lazy\" decoding=\"async\" width=\"1920\" height=\"1280\" src=\"https:\/\/www.smartvertiport.nl\/wp-content\/uploads\/2025\/11\/dlr_logo.jpeg\" alt=\"\" class=\"wp-image-93\" style=\"width:369px;height:auto\" srcset=\"https:\/\/www.smartvertiport.nl\/wp-content\/uploads\/2025\/11\/dlr_logo.jpeg 1920w, https:\/\/www.smartvertiport.nl\/wp-content\/uploads\/2025\/11\/dlr_logo-300x200.jpeg 300w, https:\/\/www.smartvertiport.nl\/wp-content\/uploads\/2025\/11\/dlr_logo-1024x683.jpeg 1024w, https:\/\/www.smartvertiport.nl\/wp-content\/uploads\/2025\/11\/dlr_logo-768x512.jpeg 768w, https:\/\/www.smartvertiport.nl\/wp-content\/uploads\/2025\/11\/dlr_logo-1536x1024.jpeg 1536w, https:\/\/www.smartvertiport.nl\/wp-content\/uploads\/2025\/11\/dlr_logo-360x240.jpeg 360w\" sizes=\"auto, (max-width: 1920px) 100vw, 1920px\" \/><\/figure>\n<\/div><\/div>\n\n\n\n<div class=\"wp-block-column is-layout-flow wp-block-column-is-layout-flow\"><div class=\"wp-block-image\">\n<figure class=\"aligncenter size-full is-resized\"><img loading=\"lazy\" decoding=\"async\" width=\"501\" height=\"485\" src=\"https:\/\/www.smartvertiport.nl\/wp-content\/uploads\/2025\/10\/aerogrid_logo.png\" alt=\"\" class=\"wp-image-63\" style=\"width:253px;height:auto\" srcset=\"https:\/\/www.smartvertiport.nl\/wp-content\/uploads\/2025\/10\/aerogrid_logo.png 501w, https:\/\/www.smartvertiport.nl\/wp-content\/uploads\/2025\/10\/aerogrid_logo-300x290.png 300w\" sizes=\"auto, (max-width: 501px) 100vw, 501px\" \/><\/figure>\n<\/div><\/div>\n<\/div>\n\n\n\n<div class=\"wp-block-columns is-layout-flex wp-container-core-columns-is-layout-28f84493 wp-block-columns-is-layout-flex\">\n<div class=\"wp-block-column is-layout-flow wp-block-column-is-layout-flow\">\n<p class=\"has-text-align-center\"><strong>Deutsches Zentrum f\u00fcr Luft- und Raumfahrt (DLR)<\/strong><br>Linder H\u00f6he<br>51147 K\u00f6ln<br>Germany<br><a href=\"https:\/\/dlr.de\">https:\/\/dlr.de<\/a><\/p>\n<\/div>\n\n\n\n<div class=\"wp-block-column is-layout-flow wp-block-column-is-layout-flow\">\n<p class=\"has-text-align-center\"><strong>Aerogrid UAV<\/strong><br>Kluyverweg 1<br>2629 HS Delft<br>the Netherlands<br><a href=\"https:\/\/aerogriduav.com\">https:\/\/aerogriduav.com<\/a><\/p>\n<\/div>\n<\/div>\n\n\n\n<div class=\"wp-block-columns container is-layout-flex wp-container-core-columns-is-layout-28f84493 wp-block-columns-is-layout-flex\">\n<div class=\"wp-block-column is-vertically-aligned-center is-layout-flow wp-block-column-is-layout-flow\">\n<h2 class=\"wp-block-heading hestia-title\">Send us a message<\/h2>\n\n\n<div class=\"wpforms-container wpforms-container-full wpforms-block wpforms-block-da20ca0d-3f41-427d-8196-183758161409\" id=\"wpforms-83\"><form id=\"wpforms-form-83\" class=\"wpforms-validate wpforms-form wpforms-ajax-form\" data-formid=\"83\" method=\"post\" enctype=\"multipart\/form-data\" action=\"\/index.php\/wp-json\/wp\/v2\/pages\/15\" data-token=\"824bca71c0b0f9dd26aefbd08a3ef09b\" data-token-time=\"1778236474\"><noscript class=\"wpforms-error-noscript\">Please enable JavaScript in your browser to complete this form.<\/noscript><div class=\"wpforms-field-container\">\t\t<div id=\"wpforms-83-field_4-container\"\n\t\t\tclass=\"wpforms-field wpforms-field-text\"\n\t\t\tdata-field-type=\"text\"\n\t\t\tdata-field-id=\"4\"\n\t\t\t>\n\t\t\t<label class=\"wpforms-field-label\" for=\"wpforms-83-field_4\" >Comment Message or<\/label>\n\t\t\t<input type=\"text\" id=\"wpforms-83-field_4\" class=\"wpforms-field-medium\" name=\"wpforms[fields][4]\" >\n\t\t<\/div>\n\t\t<div id=\"wpforms-83-field_1-container\" class=\"wpforms-field wpforms-field-name\" data-field-id=\"1\"><label class=\"wpforms-field-label\">Name <span class=\"wpforms-required-label\">*<\/span><\/label><div class=\"wpforms-field-row wpforms-field-medium\"><div class=\"wpforms-field-row-block wpforms-first wpforms-one-half\"><input type=\"text\" id=\"wpforms-83-field_1\" class=\"wpforms-field-name-first wpforms-field-required\" name=\"wpforms[fields][1][first]\" required><label for=\"wpforms-83-field_1\" class=\"wpforms-field-sublabel after\">First<\/label><\/div><div class=\"wpforms-field-row-block wpforms-one-half\"><input type=\"text\" id=\"wpforms-83-field_1-last\" class=\"wpforms-field-name-last wpforms-field-required\" name=\"wpforms[fields][1][last]\" required><label for=\"wpforms-83-field_1-last\" class=\"wpforms-field-sublabel after\">Last<\/label><\/div><\/div><\/div><div id=\"wpforms-83-field_2-container\" class=\"wpforms-field wpforms-field-email\" data-field-id=\"2\"><label class=\"wpforms-field-label\" for=\"wpforms-83-field_2\">Email <span class=\"wpforms-required-label\">*<\/span><\/label><input type=\"email\" id=\"wpforms-83-field_2\" class=\"wpforms-field-medium wpforms-field-required\" name=\"wpforms[fields][2]\" spellcheck=\"false\" required><\/div><div id=\"wpforms-83-field_3-container\" class=\"wpforms-field wpforms-field-textarea\" data-field-id=\"3\"><label class=\"wpforms-field-label\" for=\"wpforms-83-field_3\">Comment or Message<\/label><textarea id=\"wpforms-83-field_3\" class=\"wpforms-field-medium\" name=\"wpforms[fields][3]\" ><\/textarea><\/div><script>\n\t\t\t\t( function() {\n\t\t\t\t\tconst style = document.createElement( 'style' );\n\t\t\t\t\tstyle.appendChild( document.createTextNode( '#wpforms-83-field_4-container { position: absolute !important; overflow: hidden !important; display: inline !important; height: 1px !important; width: 1px !important; z-index: -1000 !important; padding: 0 !important; } #wpforms-83-field_4-container input { visibility: hidden; } #wpforms-conversational-form-page #wpforms-83-field_4-container label { counter-increment: none; }' ) );\n\t\t\t\t\tdocument.head.appendChild( style );\n\t\t\t\t\tdocument.currentScript?.remove();\n\t\t\t\t} )();\n\t\t\t<\/script><\/div><!-- .wpforms-field-container --><div class=\"wpforms-submit-container\" ><input type=\"hidden\" name=\"wpforms[id]\" value=\"83\"><input type=\"hidden\" name=\"page_title\" value=\"\"><input type=\"hidden\" name=\"page_url\" value=\"https:\/\/www.smartvertiport.nl\/index.php\/wp-json\/wp\/v2\/pages\/15\"><input type=\"hidden\" name=\"url_referer\" value=\"\"><button type=\"submit\" name=\"wpforms[submit]\" id=\"wpforms-submit-83\" class=\"wpforms-submit\" data-alt-text=\"Sending...\" data-submit-text=\"Submit\" aria-live=\"assertive\" value=\"wpforms-submit\">Submit<\/button><img loading=\"lazy\" decoding=\"async\" src=\"https:\/\/www.smartvertiport.nl\/wp-content\/plugins\/wpforms-lite\/assets\/images\/submit-spin.svg\" class=\"wpforms-submit-spinner\" style=\"display: none;\" width=\"26\" height=\"26\" alt=\"Loading\"><\/div><\/form><\/div>  <!-- .wpforms-container --><\/div>\n<\/div>\n","protected":false},"excerpt":{"rendered":"<p>Delft University of TechnologyKluyverweg 12629HS Delftthe Netherlandshttps:\/\/www.tudelft.nl\/ Orga BVStrickledeweg 133125AT&nbsp;SchiedamThe Netherlandshttps:\/\/orga.nl\/ Deutsches Zentrum f\u00fcr Luft- und Raumfahrt (DLR)Linder H\u00f6he51147 K\u00f6lnGermanyhttps:\/\/dlr.de Aerogrid UAVKluyverweg 12629 HS Delftthe Netherlandshttps:\/\/aerogriduav.com Send us a message<\/p>\n","protected":false},"author":1,"featured_media":0,"parent":0,"menu_order":0,"comment_status":"closed","ping_status":"closed","template":"page-templates\/template-pagebuilder-full-width.php","meta":{"footnotes":""},"class_list":["post-15","page","type-page","status-publish","hentry"],"_links":{"self":[{"href":"https:\/\/www.smartvertiport.nl\/index.php\/wp-json\/wp\/v2\/pages\/15","targetHints":{"allow":["GET"]}}],"collection":[{"href":"https:\/\/www.smartvertiport.nl\/index.php\/wp-json\/wp\/v2\/pages"}],"about":[{"href":"https:\/\/www.smartvertiport.nl\/index.php\/wp-json\/wp\/v2\/types\/page"}],"author":[{"embeddable":true,"href":"https:\/\/www.smartvertiport.nl\/index.php\/wp-json\/wp\/v2\/users\/1"}],"replies":[{"embeddable":true,"href":"https:\/\/www.smartvertiport.nl\/index.php\/wp-json\/wp\/v2\/comments?post=15"}],"version-history":[{"count":19,"href":"https:\/\/www.smartvertiport.nl\/index.php\/wp-json\/wp\/v2\/pages\/15\/revisions"}],"predecessor-version":[{"id":96,"href":"https:\/\/www.smartvertiport.nl\/index.php\/wp-json\/wp\/v2\/pages\/15\/revisions\/96"}],"wp:attachment":[{"href":"https:\/\/www.smartvertiport.nl\/index.php\/wp-json\/wp\/v2\/media?parent=15"}],"curies":[{"name":"wp","href":"https:\/\/api.w.org\/{rel}","templated":true}]}}